{"id":14344,"date":"2025-03-20T10:24:57","date_gmt":"2025-03-20T09:24:57","guid":{"rendered":"https:\/\/www.vmi-technologies.com\/nuestros-sistemas-de-ventilacion\/double-flux-centralisees\/"},"modified":"2025-05-20T15:04:19","modified_gmt":"2025-05-20T13:04:19","slug":"doble-flujo-centralizada","status":"publish","type":"page","link":"https:\/\/www.vmi-technologies.com\/es\/nuestros-sistemas-de-ventilacion\/doble-flujo-centralizada\/","title":{"rendered":"Doble flujo centralizada"},"content":{"rendered":"\t\t<div data-elementor-type=\"wp-page\" data-elementor-id=\"14344\" class=\"elementor elementor-14344 elementor-14038\" data-elementor-post-type=\"page\">\n\t\t\t\t\t\t<section data-particle_enable=\"false\" data-particle-mobile-disabled=\"false\" class=\"elementor-section elementor-top-section elementor-element elementor-element-2042a5ff elementor-section-boxed elementor-section-height-default elementor-section-height-default\" data-id=\"2042a5ff\" data-element_type=\"section\" data-e-type=\"section\" data-settings=\"{&quot;background_background&quot;:&quot;classic&quot;}\">\n\t\t\t\t\t\t<div class=\"elementor-container elementor-column-gap-no\">\n\t\t\t\t\t<div class=\"elementor-column elementor-col-100 elementor-top-column elementor-element elementor-element-8c4f1ac\" data-id=\"8c4f1ac\" data-element_type=\"column\" data-e-type=\"column\">\n\t\t\t<div class=\"elementor-widget-wrap elementor-element-populated\">\n\t\t\t\t\t\t<div class=\"elementor-element elementor-element-3ebe1fd3 elementor-widget elementor-widget-spacer\" data-id=\"3ebe1fd3\" data-element_type=\"widget\" data-e-type=\"widget\" data-widget_type=\"spacer.default\">\n\t\t\t\t<div class=\"elementor-widget-container\">\n\t\t\t\t\t\t\t<div class=\"elementor-spacer\">\n\t\t\t<div class=\"elementor-spacer-inner\"><\/div>\n\t\t<\/div>\n\t\t\t\t\t\t<\/div>\n\t\t\t\t<\/div>\n\t\t\t\t<div class=\"elementor-element elementor-element-e0b33df elementor-widget elementor-widget-heading\" data-id=\"e0b33df\" data-element_type=\"widget\" data-e-type=\"widget\" data-widget_type=\"heading.default\">\n\t\t\t\t<div class=\"elementor-widget-container\">\n\t\t\t\t\t<h1 class=\"elementor-heading-title elementor-size-default\">DOBLE FLUJO CENTRALIZADA<\/h1>\t\t\t\t<\/div>\n\t\t\t\t<\/div>\n\t\t\t\t\t<\/div>\n\t\t<\/div>\n\t\t\t\t\t<\/div>\n\t\t<\/section>\n\t\t\t\t<section data-particle_enable=\"false\" data-particle-mobile-disabled=\"false\" class=\"elementor-section elementor-top-section elementor-element elementor-element-5a08b169 elementor-section-full_width elementor-section-height-default elementor-section-height-default\" data-id=\"5a08b169\" data-element_type=\"section\" data-e-type=\"section\" data-settings=\"{&quot;background_background&quot;:&quot;classic&quot;}\">\n\t\t\t\t\t\t<div class=\"elementor-container elementor-column-gap-no\">\n\t\t\t\t\t<div class=\"elementor-column elementor-col-100 elementor-top-column elementor-element elementor-element-6b4c4a1f\" data-id=\"6b4c4a1f\" data-element_type=\"column\" data-e-type=\"column\" data-settings=\"{&quot;background_background&quot;:&quot;classic&quot;}\">\n\t\t\t<div class=\"elementor-widget-wrap elementor-element-populated\">\n\t\t\t\t\t\t<div class=\"elementor-element elementor-element-723f1c8b elementor-widget elementor-widget-image\" data-id=\"723f1c8b\" data-element_type=\"widget\" data-e-type=\"widget\" data-widget_type=\"image.default\">\n\t\t\t\t<div class=\"elementor-widget-container\">\n\t\t\t\t\t\t\t\t\t\t\t\t\t\t\t<img decoding=\"async\" src=\"https:\/\/www.vmi-technologies.com\/wp-content\/uploads\/2025\/02\/top.png\" title=\"\" alt=\"\" loading=\"lazy\" \/>\t\t\t\t\t\t\t\t\t\t\t\t\t\t\t<\/div>\n\t\t\t\t<\/div>\n\t\t\t\t\t<\/div>\n\t\t<\/div>\n\t\t\t\t\t<\/div>\n\t\t<\/section>\n\t\t\t\t<section data-particle_enable=\"false\" data-particle-mobile-disabled=\"false\" class=\"elementor-section elementor-top-section elementor-element elementor-element-8f53ca1 elementor-section-boxed elementor-section-height-default elementor-section-height-default\" data-id=\"8f53ca1\" data-element_type=\"section\" data-e-type=\"section\">\n\t\t\t\t\t\t<div class=\"elementor-container elementor-column-gap-default\">\n\t\t\t\t\t<div class=\"elementor-column elementor-col-100 elementor-top-column elementor-element elementor-element-6c09369\" data-id=\"6c09369\" data-element_type=\"column\" data-e-type=\"column\">\n\t\t\t<div class=\"elementor-widget-wrap elementor-element-populated\">\n\t\t\t\t\t\t<div class=\"elementor-element elementor-element-6ce0f33 elementor-widget elementor-widget-breadcrumbs\" data-id=\"6ce0f33\" data-element_type=\"widget\" data-e-type=\"widget\" data-widget_type=\"breadcrumbs.default\">\n\t\t\t\t<div class=\"elementor-widget-container\">\n\t\t\t\t\t<nav><\/nav>\t\t\t\t<\/div>\n\t\t\t\t<\/div>\n\t\t\t\t<div class=\"elementor-element elementor-element-bdf0d69 elementor-widget elementor-widget-spacer\" data-id=\"bdf0d69\" data-element_type=\"widget\" data-e-type=\"widget\" data-widget_type=\"spacer.default\">\n\t\t\t\t<div class=\"elementor-widget-container\">\n\t\t\t\t\t\t\t<div class=\"elementor-spacer\">\n\t\t\t<div class=\"elementor-spacer-inner\"><\/div>\n\t\t<\/div>\n\t\t\t\t\t\t<\/div>\n\t\t\t\t<\/div>\n\t\t\t\t\t<\/div>\n\t\t<\/div>\n\t\t\t\t\t<\/div>\n\t\t<\/section>\n\t\t\t\t<section data-particle_enable=\"false\" data-particle-mobile-disabled=\"false\" class=\"elementor-section elementor-top-section elementor-element elementor-element-2dae0a9 elementor-section-boxed elementor-section-height-default elementor-section-height-default\" data-id=\"2dae0a9\" data-element_type=\"section\" data-e-type=\"section\">\n\t\t\t\t\t\t<div class=\"elementor-container elementor-column-gap-default\">\n\t\t\t\t\t<div class=\"elementor-column elementor-col-50 elementor-top-column elementor-element elementor-element-3c23855\" data-id=\"3c23855\" data-element_type=\"column\" data-e-type=\"column\">\n\t\t\t<div class=\"elementor-widget-wrap elementor-element-populated\">\n\t\t\t\t\t\t<div class=\"elementor-element elementor-element-715089a elementor-widget elementor-widget-heading\" data-id=\"715089a\" data-element_type=\"widget\" data-e-type=\"widget\" data-widget_type=\"heading.default\">\n\t\t\t\t<div class=\"elementor-widget-container\">\n\t\t\t\t\t<h1 class=\"elementor-heading-title elementor-size-default\">NUESTRAS VMC DOBLE FLUJO CENTRALIZADA EYOTA <\/h1>\t\t\t\t<\/div>\n\t\t\t\t<\/div>\n\t\t\t\t<div class=\"elementor-element elementor-element-2903569 elementor-widget elementor-widget-text-editor\" data-id=\"2903569\" data-element_type=\"widget\" data-e-type=\"widget\" data-widget_type=\"text-editor.default\">\n\t\t\t\t<div class=\"elementor-widget-container\">\n\t\t\t\t\t\t\t\t\t<p>Las VMC doble flujo proporcionan aire sano aspirando el aire exterior, filtr\u00e1ndolo e insufl\u00e1ndolo luego a la zona habitable (sal\u00f3n, habitaciones, estudio). Al mismo tiempo, se evacua el aire viciado cargado de humedad de las zonas h\u00famedas (cocina, cuarto de ba\u00f1o, WC, lavander\u00eda).<\/p><p>Antes de ser expulsado al exterior, pasa por un intercambiador de calor que recupera las calor\u00edas para calentar el aire nuevo, reduciendo as\u00ed las p\u00e9rdidas de energ\u00eda y optimizando el confort t\u00e9rmico.<\/p><p>El + que marca la diferencia: un control inteligente gracias a sus sensores de humedad y de CO\u2082, mando a distancia y aplicaci\u00f3n m\u00f3vil VA CONNECT para un control sencillo y eficaz.<\/p>\t\t\t\t\t\t\t\t<\/div>\n\t\t\t\t<\/div>\n\t\t\t\t\t<\/div>\n\t\t<\/div>\n\t\t\t\t<div class=\"elementor-column elementor-col-50 elementor-top-column elementor-element elementor-element-03bae6d\" data-id=\"03bae6d\" data-element_type=\"column\" data-e-type=\"column\">\n\t\t\t<div class=\"elementor-widget-wrap elementor-element-populated\">\n\t\t\t\t\t\t<div class=\"elementor-element elementor-element-28e3010 elementor-widget elementor-widget-image\" data-id=\"28e3010\" data-element_type=\"widget\" data-e-type=\"widget\" data-widget_type=\"image.default\">\n\t\t\t\t<div class=\"elementor-widget-container\">\n\t\t\t\t\t\t\t\t\t\t\t\t\t\t\t<img decoding=\"async\" src=\"https:\/\/www.vmi-technologies.com\/wp-content\/uploads\/elementor\/thumbs\/DOUBLE-FLUX-1-scaled-riv4474fwt6pq7b8zn44f95rsv8dwsjejao86zpleo.avif\" title=\"DOUBLE FLUX\" alt=\"DOUBLE FLUX\" loading=\"lazy\" \/>\t\t\t\t\t\t\t\t\t\t\t\t\t\t\t<\/div>\n\t\t\t\t<\/div>\n\t\t\t\t\t<\/div>\n\t\t<\/div>\n\t\t\t\t\t<\/div>\n\t\t<\/section>\n\t\t\t\t<section data-particle_enable=\"false\" data-particle-mobile-disabled=\"false\" class=\"elementor-section elementor-top-section elementor-element elementor-element-eb9dfa0 elementor-section-boxed elementor-section-height-default elementor-section-height-default\" data-id=\"eb9dfa0\" data-element_type=\"section\" data-e-type=\"section\">\n\t\t\t\t\t\t<div class=\"elementor-container elementor-column-gap-default\">\n\t\t\t\t\t<div class=\"elementor-column elementor-col-100 elementor-top-column elementor-element elementor-element-95c0cca\" data-id=\"95c0cca\" data-element_type=\"column\" data-e-type=\"column\">\n\t\t\t<div class=\"elementor-widget-wrap elementor-element-populated\">\n\t\t\t\t\t\t<div class=\"elementor-element elementor-element-ab54c9a elementor-widget elementor-widget-spacer\" data-id=\"ab54c9a\" data-element_type=\"widget\" data-e-type=\"widget\" data-widget_type=\"spacer.default\">\n\t\t\t\t<div class=\"elementor-widget-container\">\n\t\t\t\t\t\t\t<div class=\"elementor-spacer\">\n\t\t\t<div class=\"elementor-spacer-inner\"><\/div>\n\t\t<\/div>\n\t\t\t\t\t\t<\/div>\n\t\t\t\t<\/div>\n\t\t\t\t\t<\/div>\n\t\t<\/div>\n\t\t\t\t\t<\/div>\n\t\t<\/section>\n\t\t\t\t<section data-particle_enable=\"false\" data-particle-mobile-disabled=\"false\" class=\"elementor-section elementor-top-section elementor-element elementor-element-78dcc66 elementor-reverse-mobile elementor-section-boxed elementor-section-height-default elementor-section-height-default\" data-id=\"78dcc66\" data-element_type=\"section\" data-e-type=\"section\">\n\t\t\t\t\t\t<div class=\"elementor-container elementor-column-gap-default\">\n\t\t\t\t\t<div class=\"elementor-column elementor-col-50 elementor-top-column elementor-element elementor-element-f6c3a3f\" data-id=\"f6c3a3f\" data-element_type=\"column\" data-e-type=\"column\">\n\t\t\t<div class=\"elementor-widget-wrap elementor-element-populated\">\n\t\t\t\t\t\t<div class=\"elementor-element elementor-element-5be1c9d elementor-widget elementor-widget-image\" data-id=\"5be1c9d\" data-element_type=\"widget\" data-e-type=\"widget\" data-widget_type=\"image.default\">\n\t\t\t\t<div class=\"elementor-widget-container\">\n\t\t\t\t\t\t\t\t\t\t\t\t\t\t\t<img fetchpriority=\"high\" decoding=\"async\" width=\"800\" height=\"429\" src=\"https:\/\/www.vmi-technologies.com\/wp-content\/uploads\/2025\/03\/eyota-schema-1-1024x549.png\" class=\"attachment-large size-large wp-image-14232\" alt=\"\" srcset=\"https:\/\/www.vmi-technologies.com\/wp-content\/uploads\/2025\/03\/eyota-schema-1-1024x549.png 1024w, https:\/\/www.vmi-technologies.com\/wp-content\/uploads\/2025\/03\/eyota-schema-1-300x161.png 300w, https:\/\/www.vmi-technologies.com\/wp-content\/uploads\/2025\/03\/eyota-schema-1-768x412.png 768w, https:\/\/www.vmi-technologies.com\/wp-content\/uploads\/2025\/03\/eyota-schema-1-1536x823.png 1536w, https:\/\/www.vmi-technologies.com\/wp-content\/uploads\/2025\/03\/eyota-schema-1.png 1608w\" sizes=\"(max-width: 800px) 100vw, 800px\" \/>\t\t\t\t\t\t\t\t\t\t\t\t\t\t\t<\/div>\n\t\t\t\t<\/div>\n\t\t\t\t\t<\/div>\n\t\t<\/div>\n\t\t\t\t<div class=\"elementor-column elementor-col-50 elementor-top-column elementor-element elementor-element-26f514f\" data-id=\"26f514f\" data-element_type=\"column\" data-e-type=\"column\">\n\t\t\t<div class=\"elementor-widget-wrap elementor-element-populated\">\n\t\t\t\t\t\t<div class=\"elementor-element elementor-element-6007be7 elementor-widget elementor-widget-heading\" data-id=\"6007be7\" data-element_type=\"widget\" data-e-type=\"widget\" data-widget_type=\"heading.default\">\n\t\t\t\t<div class=\"elementor-widget-container\">\n\t\t\t\t\t<h1 class=\"elementor-heading-title elementor-size-default\">UN SISTEMA COMPLETO QUE COMBINA ICA, CONFORT T\u00c9RMICO Y AHORRO ENERG\u00c9TICO<\/h1>\t\t\t\t<\/div>\n\t\t\t\t<\/div>\n\t\t\t\t<div class=\"elementor-element elementor-element-687c905 elementor-widget elementor-widget-text-editor\" data-id=\"687c905\" data-element_type=\"widget\" data-e-type=\"widget\" data-widget_type=\"text-editor.default\">\n\t\t\t\t<div class=\"elementor-widget-container\">\n\t\t\t\t\t\t\t\t\t<p>Nuestras unidades EYOTA no s\u00f3lo filtran el aire entrante, sino que tambi\u00e9n eliminan la humedad, el CO\u2082 y los COV, al tiempo que optimizan el confort t\u00e9rmico y el ahorro energ\u00e9tico.<\/p><p>Sus intercambiadores de calor ultraeficientes recuperan hasta el 93% de las calor\u00edas del aire extra\u00eddo para insuflar un aire sano y templado.<\/p><p>Menos p\u00e9rdidas, m\u00e1s eficacia: \u00a1a sus clientes les encantar\u00e1!<\/p>\t\t\t\t\t\t\t\t<\/div>\n\t\t\t\t<\/div>\n\t\t\t\t<div class=\"elementor-element elementor-element-57a1c84 elementor-widget elementor-widget-button\" data-id=\"57a1c84\" data-element_type=\"widget\" data-e-type=\"widget\" data-widget_type=\"button.default\">\n\t\t\t\t<div class=\"elementor-widget-container\">\n\t\t\t\t\t\t\t\t\t<div class=\"elementor-button-wrapper\">\n\t\t\t\t\t<a class=\"elementor-button elementor-button-link elementor-size-sm\" href=\"https:\/\/www.vmi-technologies.com\/es\/contacto\/\">\n\t\t\t\t\t\t<span class=\"elementor-button-content-wrapper\">\n\t\t\t\t\t\t\t\t\t<span class=\"elementor-button-text\">M\u00e1s informaci\u00f3n<\/span>\n\t\t\t\t\t<\/span>\n\t\t\t\t\t<\/a>\n\t\t\t\t<\/div>\n\t\t\t\t\t\t\t\t<\/div>\n\t\t\t\t<\/div>\n\t\t\t\t\t<\/div>\n\t\t<\/div>\n\t\t\t\t\t<\/div>\n\t\t<\/section>\n\t\t\t\t<section data-particle_enable=\"false\" data-particle-mobile-disabled=\"false\" class=\"elementor-section elementor-top-section elementor-element elementor-element-ef9623b elementor-section-boxed elementor-section-height-default elementor-section-height-default\" data-id=\"ef9623b\" data-element_type=\"section\" data-e-type=\"section\">\n\t\t\t\t\t\t<div class=\"elementor-container elementor-column-gap-default\">\n\t\t\t\t\t<div class=\"elementor-column elementor-col-100 elementor-top-column elementor-element elementor-element-6137d6c\" data-id=\"6137d6c\" data-element_type=\"column\" data-e-type=\"column\">\n\t\t\t<div class=\"elementor-widget-wrap elementor-element-populated\">\n\t\t\t\t\t\t<div class=\"elementor-element elementor-element-c3fe2a9 elementor-widget elementor-widget-spacer\" data-id=\"c3fe2a9\" data-element_type=\"widget\" data-e-type=\"widget\" data-widget_type=\"spacer.default\">\n\t\t\t\t<div class=\"elementor-widget-container\">\n\t\t\t\t\t\t\t<div class=\"elementor-spacer\">\n\t\t\t<div class=\"elementor-spacer-inner\"><\/div>\n\t\t<\/div>\n\t\t\t\t\t\t<\/div>\n\t\t\t\t<\/div>\n\t\t\t\t<div class=\"elementor-element elementor-element-5928ded elementor-widget elementor-widget-heading\" data-id=\"5928ded\" data-element_type=\"widget\" data-e-type=\"widget\" data-widget_type=\"heading.default\">\n\t\t\t\t<div class=\"elementor-widget-container\">\n\t\t\t\t\t<h1 class=\"elementor-heading-title elementor-size-default\">VEA NUESTRAS DOBLE FLUJO CENTRALIZADA<\/h1>\t\t\t\t<\/div>\n\t\t\t\t<\/div>\n\t\t\t\t\t<\/div>\n\t\t<\/div>\n\t\t\t\t\t<\/div>\n\t\t<\/section>\n\t\t\t\t<section data-particle_enable=\"false\" data-particle-mobile-disabled=\"false\" class=\"elementor-section elementor-top-section elementor-element elementor-element-74a20de elementor-section-boxed elementor-section-height-default elementor-section-height-default\" data-id=\"74a20de\" data-element_type=\"section\" data-e-type=\"section\">\n\t\t\t\t\t\t<div class=\"elementor-container elementor-column-gap-extended\">\n\t\t\t\t\t<div class=\"elementor-column elementor-col-100 elementor-top-column elementor-element elementor-element-6a95fd8\" data-id=\"6a95fd8\" data-element_type=\"column\" data-e-type=\"column\">\n\t\t\t<div class=\"elementor-widget-wrap elementor-element-populated\">\n\t\t\t\t\t\t<div class=\"elementor-element elementor-element-de0cbe0 elementor-widget elementor-widget-text-editor\" data-id=\"de0cbe0\" data-element_type=\"widget\" data-e-type=\"widget\" data-widget_type=\"text-editor.default\">\n\t\t\t\t<div class=\"elementor-widget-container\">\n\t\t\t\t\t\t\t\t\t<p>Disponible en varias versiones: Eyota 300, 450 y 600<\/p>\t\t\t\t\t\t\t\t<\/div>\n\t\t\t\t<\/div>\n\t\t\t\t<div class=\"elementor-element elementor-element-1f57937 elementor-widget elementor-widget-image\" data-id=\"1f57937\" data-element_type=\"widget\" data-e-type=\"widget\" data-widget_type=\"image.default\">\n\t\t\t\t<div class=\"elementor-widget-container\">\n\t\t\t\t\t\t\t\t\t\t\t\t\t\t\t<img decoding=\"async\" src=\"https:\/\/www.vmi-technologies.com\/wp-content\/uploads\/elementor\/thumbs\/ANIMATION-SITE-VMI-riv43zlqe4wf5bm67jv3vb231s9g77pju9gccs0qsg.avif\" title=\"ANIMATION SITE VMI\" alt=\"ANIMATION SITE VMI\" loading=\"lazy\" \/>\t\t\t\t\t\t\t\t\t\t\t\t\t\t\t<\/div>\n\t\t\t\t<\/div>\n\t\t\t\t<div class=\"elementor-element elementor-element-e90770b elementor-align-center elementor-widget elementor-widget-button\" data-id=\"e90770b\" data-element_type=\"widget\" data-e-type=\"widget\" data-widget_type=\"button.default\">\n\t\t\t\t<div class=\"elementor-widget-container\">\n\t\t\t\t\t\t\t\t\t<div class=\"elementor-button-wrapper\">\n\t\t\t\t\t<a class=\"elementor-button elementor-button-link elementor-size-sm\" href=\"https:\/\/www.vmi-technologies.com\/es\/nuestros-sistemas-de-ventilacion\/eyota\/\">\n\t\t\t\t\t\t<span class=\"elementor-button-content-wrapper\">\n\t\t\t\t\t\t\t\t\t<span class=\"elementor-button-text\">Ver los productos<\/span>\n\t\t\t\t\t<\/span>\n\t\t\t\t\t<\/a>\n\t\t\t\t<\/div>\n\t\t\t\t\t\t\t\t<\/div>\n\t\t\t\t<\/div>\n\t\t\t\t\t<\/div>\n\t\t<\/div>\n\t\t\t\t\t<\/div>\n\t\t<\/section>\n\t\t\t\t<\/div>\n\t\t","protected":false},"excerpt":{"rendered":"<p>DOBLE FLUJO CENTRALIZADA NUESTRAS VMC DOBLE FLUJO CENTRALIZADA EYOTA Las VMC doble flujo proporcionan aire sano aspirando el aire exterior, filtr\u00e1ndolo e insufl\u00e1ndolo luego a la zona habitable (sal\u00f3n, habitaciones, estudio). Al mismo tiempo, se evacua el aire viciado cargado de humedad de las zonas h\u00famedas (cocina, cuarto de ba\u00f1o, WC, lavander\u00eda). Antes de ser [&hellip;]<\/p>\n","protected":false},"author":2,"featured_media":0,"parent":6962,"menu_order":0,"comment_status":"closed","ping_status":"closed","template":"elementor_header_footer","meta":{"footnotes":""},"class_list":["post-14344","page","type-page","status-publish","hentry"],"_links":{"self":[{"href":"https:\/\/www.vmi-technologies.com\/es\/wp-json\/wp\/v2\/pages\/14344","targetHints":{"allow":["GET"]}}],"collection":[{"href":"https:\/\/www.vmi-technologies.com\/es\/wp-json\/wp\/v2\/pages"}],"about":[{"href":"https:\/\/www.vmi-technologies.com\/es\/wp-json\/wp\/v2\/types\/page"}],"author":[{"embeddable":true,"href":"https:\/\/www.vmi-technologies.com\/es\/wp-json\/wp\/v2\/users\/2"}],"replies":[{"embeddable":true,"href":"https:\/\/www.vmi-technologies.com\/es\/wp-json\/wp\/v2\/comments?post=14344"}],"version-history":[{"count":10,"href":"https:\/\/www.vmi-technologies.com\/es\/wp-json\/wp\/v2\/pages\/14344\/revisions"}],"predecessor-version":[{"id":14931,"href":"https:\/\/www.vmi-technologies.com\/es\/wp-json\/wp\/v2\/pages\/14344\/revisions\/14931"}],"up":[{"embeddable":true,"href":"https:\/\/www.vmi-technologies.com\/es\/wp-json\/wp\/v2\/pages\/6962"}],"wp:attachment":[{"href":"https:\/\/www.vmi-technologies.com\/es\/wp-json\/wp\/v2\/media?parent=14344"}],"curies":[{"name":"wp","href":"https:\/\/api.w.org\/{rel}","templated":true}]}}