{"id":7624,"date":"2024-09-17T10:20:35","date_gmt":"2024-09-17T08:20:35","guid":{"rendered":"https:\/\/vmi.elyazalee.net\/condicoes-gerais-de-utilizacao-cgu\/"},"modified":"2025-03-07T14:40:49","modified_gmt":"2025-03-07T13:40:49","slug":"condicoes-gerais-de-utilizacao-cgu","status":"publish","type":"page","link":"https:\/\/www.vmi-technologies.com\/pt-pt\/condicoes-gerais-de-utilizacao-cgu\/","title":{"rendered":"Condi\u00e7\u00f5es Gerais de Utiliza\u00e7\u00e3o (CGU)"},"content":{"rendered":"\t\t<div data-elementor-type=\"wp-page\" data-elementor-id=\"7624\" class=\"elementor elementor-7624 elementor-4647\" data-elementor-post-type=\"page\">\n\t\t\t\t\t\t<section data-particle_enable=\"false\" data-particle-mobile-disabled=\"false\" class=\"elementor-section elementor-top-section elementor-element elementor-element-2de3ba51 elementor-section-boxed elementor-section-height-default elementor-section-height-default\" data-id=\"2de3ba51\" data-element_type=\"section\" data-e-type=\"section\" data-settings=\"{&quot;background_background&quot;:&quot;classic&quot;}\">\n\t\t\t\t\t\t<div class=\"elementor-container elementor-column-gap-no\">\n\t\t\t\t\t<div class=\"elementor-column elementor-col-100 elementor-top-column elementor-element elementor-element-22aaccb4\" data-id=\"22aaccb4\" data-element_type=\"column\" data-e-type=\"column\">\n\t\t\t<div class=\"elementor-widget-wrap elementor-element-populated\">\n\t\t\t\t\t\t<div class=\"elementor-element elementor-element-3b490560 elementor-widget elementor-widget-spacer\" data-id=\"3b490560\" data-element_type=\"widget\" data-e-type=\"widget\" data-widget_type=\"spacer.default\">\n\t\t\t\t<div class=\"elementor-widget-container\">\n\t\t\t\t\t\t\t<div class=\"elementor-spacer\">\n\t\t\t<div class=\"elementor-spacer-inner\"><\/div>\n\t\t<\/div>\n\t\t\t\t\t\t<\/div>\n\t\t\t\t<\/div>\n\t\t\t\t<div class=\"elementor-element elementor-element-41c46b49 elementor-widget elementor-widget-heading\" data-id=\"41c46b49\" data-element_type=\"widget\" data-e-type=\"widget\" data-widget_type=\"heading.default\">\n\t\t\t\t<div class=\"elementor-widget-container\">\n\t\t\t\t\t<h1 class=\"elementor-heading-title elementor-size-default\">Condi\u00e7\u00f5es Gerais de Utiliza\u00e7\u00e3o (CGU)<\/h1>\t\t\t\t<\/div>\n\t\t\t\t<\/div>\n\t\t\t\t\t<\/div>\n\t\t<\/div>\n\t\t\t\t\t<\/div>\n\t\t<\/section>\n\t\t\t\t<section data-particle_enable=\"false\" data-particle-mobile-disabled=\"false\" class=\"elementor-section elementor-top-section elementor-element elementor-element-5addfc42 elementor-section-full_width elementor-section-height-default elementor-section-height-default\" data-id=\"5addfc42\" data-element_type=\"section\" data-e-type=\"section\" data-settings=\"{&quot;background_background&quot;:&quot;classic&quot;}\">\n\t\t\t\t\t\t<div class=\"elementor-container elementor-column-gap-no\">\n\t\t\t\t\t<div class=\"elementor-column elementor-col-100 elementor-top-column elementor-element elementor-element-d4fa147\" data-id=\"d4fa147\" data-element_type=\"column\" data-e-type=\"column\" data-settings=\"{&quot;background_background&quot;:&quot;classic&quot;}\">\n\t\t\t<div class=\"elementor-widget-wrap elementor-element-populated\">\n\t\t\t\t\t\t<div class=\"elementor-element elementor-element-214e5d24 elementor-widget elementor-widget-image\" data-id=\"214e5d24\" data-element_type=\"widget\" data-e-type=\"widget\" data-widget_type=\"image.default\">\n\t\t\t\t<div class=\"elementor-widget-container\">\n\t\t\t\t\t\t\t\t\t\t\t\t\t\t\t<img decoding=\"async\" src=\"https:\/\/www.vmi-technologies.com\/wp-content\/uploads\/2025\/02\/top.png\" title=\"\" alt=\"\" loading=\"lazy\" \/>\t\t\t\t\t\t\t\t\t\t\t\t\t\t\t<\/div>\n\t\t\t\t<\/div>\n\t\t\t\t\t<\/div>\n\t\t<\/div>\n\t\t\t\t\t<\/div>\n\t\t<\/section>\n\t\t\t\t<section data-particle_enable=\"false\" data-particle-mobile-disabled=\"false\" class=\"elementor-section elementor-top-section elementor-element elementor-element-270e32e elementor-section-boxed elementor-section-height-default elementor-section-height-default\" data-id=\"270e32e\" data-element_type=\"section\" data-e-type=\"section\">\n\t\t\t\t\t\t<div class=\"elementor-container elementor-column-gap-default\">\n\t\t\t\t\t<div class=\"elementor-column elementor-col-100 elementor-top-column elementor-element elementor-element-107248f\" data-id=\"107248f\" data-element_type=\"column\" data-e-type=\"column\">\n\t\t\t<div class=\"elementor-widget-wrap elementor-element-populated\">\n\t\t\t\t\t\t<div class=\"elementor-element elementor-element-cb2a4bf elementor-widget elementor-widget-spacer\" data-id=\"cb2a4bf\" data-element_type=\"widget\" data-e-type=\"widget\" data-widget_type=\"spacer.default\">\n\t\t\t\t<div class=\"elementor-widget-container\">\n\t\t\t\t\t\t\t<div class=\"elementor-spacer\">\n\t\t\t<div class=\"elementor-spacer-inner\"><\/div>\n\t\t<\/div>\n\t\t\t\t\t\t<\/div>\n\t\t\t\t<\/div>\n\t\t\t\t\t<\/div>\n\t\t<\/div>\n\t\t\t\t\t<\/div>\n\t\t<\/section>\n\t\t\t\t<section data-particle_enable=\"false\" data-particle-mobile-disabled=\"false\" class=\"elementor-section elementor-top-section elementor-element elementor-element-76b0406 elementor-section-boxed elementor-section-height-default elementor-section-height-default\" data-id=\"76b0406\" data-element_type=\"section\" data-e-type=\"section\">\n\t\t\t\t\t\t<div class=\"elementor-container elementor-column-gap-default\">\n\t\t\t\t\t<div class=\"elementor-column elementor-col-50 elementor-top-column elementor-element elementor-element-da6e12c\" data-id=\"da6e12c\" data-element_type=\"column\" data-e-type=\"column\">\n\t\t\t<div class=\"elementor-widget-wrap elementor-element-populated\">\n\t\t\t\t\t\t<div class=\"elementor-element elementor-element-f468616 elementor-widget elementor-widget-heading\" data-id=\"f468616\" data-element_type=\"widget\" data-e-type=\"widget\" data-widget_type=\"heading.default\">\n\t\t\t\t<div class=\"elementor-widget-container\">\n\t\t\t\t\t<h2 class=\"elementor-heading-title elementor-size-default\">Encontre todas as nossas Condi\u00e7\u00f5es Gerais de Utiliza\u00e7\u00e3o (CGU).<\/h2>\t\t\t\t<\/div>\n\t\t\t\t<\/div>\n\t\t\t\t\t<\/div>\n\t\t<\/div>\n\t\t\t\t<div class=\"elementor-column elementor-col-50 elementor-top-column elementor-element elementor-element-ba9a079\" data-id=\"ba9a079\" data-element_type=\"column\" data-e-type=\"column\">\n\t\t\t<div class=\"elementor-widget-wrap elementor-element-populated\">\n\t\t\t\t\t\t<div class=\"elementor-element elementor-element-bd75bb0 elementor-widget elementor-widget-heading\" data-id=\"bd75bb0\" data-element_type=\"widget\" data-e-type=\"widget\" data-widget_type=\"heading.default\">\n\t\t\t\t<div class=\"elementor-widget-container\">\n\t\t\t\t\t<h1 class=\"elementor-heading-title elementor-size-default\">A prop\u00f3sito deste website.<\/h1>\t\t\t\t<\/div>\n\t\t\t\t<\/div>\n\t\t\t\t<div class=\"elementor-element elementor-element-e0e2520 elementor-widget elementor-widget-text-editor\" data-id=\"e0e2520\" data-element_type=\"widget\" data-e-type=\"widget\" data-widget_type=\"text-editor.default\">\n\t\t\t\t<div class=\"elementor-widget-container\">\n\t\t\t\t\t\t\t\t\t<p>Este \u00e9 o website oficial da marca comercial VMI\u00ae pertencente \u00e0 empresa Ventilairsec.<\/p><p>Este website destina-se a prestar apoio comercial para apresentar os produtos da marca VMI a todas as pessoas que se possam interessar pela nossa tecnologia.<\/p><p>O s\u00edtio vmi-technologies.com \u00e9 alojado por Elyazal\u00e9e, parceiro oficial da Infomaniak.<\/p>\t\t\t\t\t\t\t\t<\/div>\n\t\t\t\t<\/div>\n\t\t\t\t<div class=\"elementor-element elementor-element-d9fe3af elementor-widget elementor-widget-heading\" data-id=\"d9fe3af\" data-element_type=\"widget\" data-e-type=\"widget\" data-widget_type=\"heading.default\">\n\t\t\t\t<div class=\"elementor-widget-container\">\n\t\t\t\t\t<h1 class=\"elementor-heading-title elementor-size-default\">Que dados s\u00e3o recolhidos?<\/h1>\t\t\t\t<\/div>\n\t\t\t\t<\/div>\n\t\t\t\t<div class=\"elementor-element elementor-element-1bd8119 elementor-widget elementor-widget-text-editor\" data-id=\"1bd8119\" data-element_type=\"widget\" data-e-type=\"widget\" data-widget_type=\"text-editor.default\">\n\t\t\t\t<div class=\"elementor-widget-container\">\n\t\t\t\t\t\t\t\t\t<p>S\u00e3o recolhidos dois tipos de dados.<\/p><p>O primeiro tipo de dados diz respeito aos dados recolhidos atrav\u00e9s do formul\u00e1rio online. Trata-se unicamente das informa\u00e7\u00f5es comunicadas voluntariamente por si, para que o seu pedido possa ser considerado. <\/p><p>O segundo tipo de dados diz respeito aos cookies. O website utiliza cookies para melhorar os servi\u00e7os e a experi\u00eancia de navega\u00e7\u00e3o. Os cookies recolhidos n\u00e3o permitem identificar nominalmente os visitantes. Estes dados s\u00e3o recolhidos apenas para efeitos estat\u00edsticos.   <\/p><p>Ao navegar no website, aceita explicitamente a respetiva utiliza\u00e7\u00e3o.<br>Pode recusar a respetiva utiliza\u00e7\u00e3o bloqueando-os diretamente a partir das defini\u00e7\u00f5es do navegador da internet.<\/p>\t\t\t\t\t\t\t\t<\/div>\n\t\t\t\t<\/div>\n\t\t\t\t<div class=\"elementor-element elementor-element-b71ead3 elementor-widget elementor-widget-heading\" data-id=\"b71ead3\" data-element_type=\"widget\" data-e-type=\"widget\" data-widget_type=\"heading.default\">\n\t\t\t\t<div class=\"elementor-widget-container\">\n\t\t\t\t\t<h1 class=\"elementor-heading-title elementor-size-default\">Posso eliminar os meus dados recolhidos?<\/h1>\t\t\t\t<\/div>\n\t\t\t\t<\/div>\n\t\t\t\t<div class=\"elementor-element elementor-element-b06235c elementor-widget elementor-widget-text-editor\" data-id=\"b06235c\" data-element_type=\"widget\" data-e-type=\"widget\" data-widget_type=\"text-editor.default\">\n\t\t\t\t<div class=\"elementor-widget-container\">\n\t\t\t\t\t\t\t\t\t<p>Em conformidade com a lei relativa aos dados pessoais, este website est\u00e1 sujeito ao Regulamento Geral Sobre a Prote\u00e7\u00e3o de Dados. Disp\u00f5e do direito de retifica\u00e7\u00e3o e\/ou elimina\u00e7\u00e3o dos seus dados pessoais. <\/p><p>Se pretender modificar ou eliminar os seus dados pessoais comunicados atrav\u00e9s do formul\u00e1rio online, basta enviar o seu pedido <a href=\"https:\/\/www.vmi-technologies.com\/pt-pt\/contacte-nos\/\">clicando aqui.<\/a><\/p>\t\t\t\t\t\t\t\t<\/div>\n\t\t\t\t<\/div>\n\t\t\t\t<div class=\"elementor-element elementor-element-dfeb125 elementor-widget elementor-widget-heading\" data-id=\"dfeb125\" data-element_type=\"widget\" data-e-type=\"widget\" data-widget_type=\"heading.default\">\n\t\t\t\t<div class=\"elementor-widget-container\">\n\t\t\t\t\t<h1 class=\"elementor-heading-title elementor-size-default\">O que dizer sobre as marcas?<\/h1>\t\t\t\t<\/div>\n\t\t\t\t<\/div>\n\t\t\t\t<div class=\"elementor-element elementor-element-ba5e288 elementor-widget elementor-widget-text-editor\" data-id=\"ba5e288\" data-element_type=\"widget\" data-e-type=\"widget\" data-widget_type=\"text-editor.default\">\n\t\t\t\t<div class=\"elementor-widget-container\">\n\t\t\t\t\t\t\t\t\t<p>As marcas Ventilairsec, VMI e VMI Technologies s\u00e3o marcas registadas. A respetiva utiliza\u00e7\u00e3o est\u00e1 regulamentada. <\/p><p>Salvo mediante acordo pr\u00e9vio, a utiliza\u00e7\u00e3o do log\u00f3tipo ou das designa\u00e7\u00f5es Ventilairsec\u00ae, VMI\u00ae e VMI Technologies\u00ae est\u00e1 proibida.<\/p>\t\t\t\t\t\t\t\t<\/div>\n\t\t\t\t<\/div>\n\t\t\t\t<div class=\"elementor-element elementor-element-494d299 elementor-widget elementor-widget-heading\" data-id=\"494d299\" data-element_type=\"widget\" data-e-type=\"widget\" data-widget_type=\"heading.default\">\n\t\t\t\t<div class=\"elementor-widget-container\">\n\t\t\t\t\t<h1 class=\"elementor-heading-title elementor-size-default\">\u2026e os conte\u00fados?<\/h1>\t\t\t\t<\/div>\n\t\t\t\t<\/div>\n\t\t\t\t<div class=\"elementor-element elementor-element-42fd8e4 elementor-widget elementor-widget-text-editor\" data-id=\"42fd8e4\" data-element_type=\"widget\" data-e-type=\"widget\" data-widget_type=\"text-editor.default\">\n\t\t\t\t<div class=\"elementor-widget-container\">\n\t\t\t\t\t\t\t\t\t<p>Esfor\u00e7amo-nos por garantir a exatid\u00e3o e atualiza\u00e7\u00e3o das informa\u00e7\u00f5es publicadas no website e reservamo-nos o direito de corrigir os conte\u00fados a qualquer altura e sem aviso pr\u00e9vio. No entanto, n\u00e3o podemos garantir a exatid\u00e3o, precis\u00e3o ou integralidade das informa\u00e7\u00f5es publicadas. <\/p><p>Consequentemente, declinamos toda a responsabilidade por:<\/p><p>ualquer desconex\u00e3o por manuten\u00e7\u00e3o ou aparecimento de bugs;<br>qualquer inexatid\u00e3o ou omiss\u00e3o relativa \u00e0s informa\u00e7\u00f5es dispon\u00edveis no website;<br>qualquer dano resultante de uma intrus\u00e3o fraudulenta de terceiros, provocando a modifica\u00e7\u00e3o das informa\u00e7\u00f5es disponibilizadas no website;<br>e de um modo mais geral, quaisquer danos diretos ou indiretos, independentemente das causas, origens, naturezas ou consequ\u00eancias, incluindo perdas de benef\u00edcios, clientes, danos ou outros incumprimentos relativos a propriedade incorp\u00f3rea que possam derivar do acesso de qualquer pessoa ao website ou da impossibilidade de aceder \u00e0s informa\u00e7\u00f5es direta ou indiretamente a partir do website.<\/p>\t\t\t\t\t\t\t\t<\/div>\n\t\t\t\t<\/div>\n\t\t\t\t<div class=\"elementor-element elementor-element-0265e7d elementor-widget elementor-widget-heading\" data-id=\"0265e7d\" data-element_type=\"widget\" data-e-type=\"widget\" data-widget_type=\"heading.default\">\n\t\t\t\t<div class=\"elementor-widget-container\">\n\t\t\t\t\t<h1 class=\"elementor-heading-title elementor-size-default\">E relativamente \u00e0 propriedade intelectual?<\/h1>\t\t\t\t<\/div>\n\t\t\t\t<\/div>\n\t\t\t\t<div class=\"elementor-element elementor-element-d207758 elementor-widget elementor-widget-text-editor\" data-id=\"d207758\" data-element_type=\"widget\" data-e-type=\"widget\" data-widget_type=\"text-editor.default\">\n\t\t\t\t<div class=\"elementor-widget-container\">\n\t\t\t\t\t\t\t\t\t<p>Este website e todo o software necess\u00e1rio utilizado relativamente ao mesmo podem conter informa\u00e7\u00f5es confidenciais protegidas pelas leis da propriedade intelectual ou outras.<\/p><p>Assim, salvo indica\u00e7\u00e3o em contr\u00e1rio, os direitos de propriedade intelectual sobre os conte\u00fados presentes no website e cada um dos elementos criados para o efeito s\u00e3o propriedade exclusiva da Ventilairsec\u00ae. N\u00e3o concedemos qualquer licen\u00e7a nem qualquer direito que n\u00e3o o direito de consultar o website. <\/p>\t\t\t\t\t\t\t\t<\/div>\n\t\t\t\t<\/div>\n\t\t\t\t<div class=\"elementor-element elementor-element-2760fdc elementor-widget elementor-widget-heading\" data-id=\"2760fdc\" data-element_type=\"widget\" data-e-type=\"widget\" data-widget_type=\"heading.default\">\n\t\t\t\t<div class=\"elementor-widget-container\">\n\t\t\t\t\t<h1 class=\"elementor-heading-title elementor-size-default\">Fontes externas: n\u00e3o s\u00e3o da nossa responsabilidade!<\/h1>\t\t\t\t<\/div>\n\t\t\t\t<\/div>\n\t\t\t\t<div class=\"elementor-element elementor-element-10afa55 elementor-widget elementor-widget-text-editor\" data-id=\"10afa55\" data-element_type=\"widget\" data-e-type=\"widget\" data-widget_type=\"text-editor.default\">\n\t\t\t\t<div class=\"elementor-widget-container\">\n\t\t\t\t\t\t\t\t\t<p>O website pode incluir liga\u00e7\u00f5es a outros websites ou outras fontes externas. Uma vez que n\u00e3o podemos controlar o conte\u00fado desses websites e das fontes externas, n\u00e3o podemos ser responsabilizados por conte\u00fados, publicidades, produtos, servi\u00e7os ou outro material dispon\u00edvel nesses websites ou a partir dos mesmos ou de fontes externas. <\/p><p>Para al\u00e9m disso, n\u00e3o podemos ser responsabilizados por danos ou perdas comprovados ou alegados consecutivos, relacionados com a utiliza\u00e7\u00e3o ou confian\u00e7a no conte\u00fado, bens ou servi\u00e7os dispon\u00edveis nestes websites ou fontes externas.<\/p>\t\t\t\t\t\t\t\t<\/div>\n\t\t\t\t<\/div>\n\t\t\t\t<div class=\"elementor-element elementor-element-f3eb19b elementor-widget elementor-widget-heading\" data-id=\"f3eb19b\" data-element_type=\"widget\" data-e-type=\"widget\" data-widget_type=\"heading.default\">\n\t\t\t\t<div class=\"elementor-widget-container\">\n\t\t\t\t\t<h1 class=\"elementor-heading-title elementor-size-default\">A transpar\u00eancia n\u00e3o \u00e9 suficiente?<\/h1>\t\t\t\t<\/div>\n\t\t\t\t<\/div>\n\t\t\t\t<div class=\"elementor-element elementor-element-152e680 elementor-widget elementor-widget-text-editor\" data-id=\"152e680\" data-element_type=\"widget\" data-e-type=\"widget\" data-widget_type=\"text-editor.default\">\n\t\t\t\t<div class=\"elementor-widget-container\">\n\t\t\t\t\t\t\t\t\t<p>A Ventilairsec\u00ae privilegia a transpar\u00eancia e esfor\u00e7a-se por melhorar constantemente a metodologia de comunica\u00e7\u00e3o para evoluir num ambiente cada vez mais transparente.<\/p><p>Se restarem quest\u00f5es, n\u00e3o hesite em contactar-nos. Teremos todo o gosto em ajudar.<br> <\/p>\t\t\t\t\t\t\t\t<\/div>\n\t\t\t\t<\/div>\n\t\t\t\t\t<\/div>\n\t\t<\/div>\n\t\t\t\t\t<\/div>\n\t\t<\/section>\n\t\t\t\t<\/div>\n\t\t","protected":false},"excerpt":{"rendered":"<p>Condi\u00e7\u00f5es Gerais de Utiliza\u00e7\u00e3o (CGU) Encontre todas as nossas Condi\u00e7\u00f5es Gerais de Utiliza\u00e7\u00e3o (CGU). A prop\u00f3sito deste website. Este \u00e9 o website oficial da marca comercial VMI\u00ae pertencente \u00e0 empresa Ventilairsec. Este website destina-se a prestar apoio comercial para apresentar os produtos da marca VMI a todas as pessoas que se possam interessar pela nossa [&hellip;]<\/p>\n","protected":false},"author":1,"featured_media":0,"parent":0,"menu_order":0,"comment_status":"closed","ping_status":"closed","template":"elementor_header_footer","meta":{"footnotes":""},"class_list":["post-7624","page","type-page","status-publish","hentry"],"_links":{"self":[{"href":"https:\/\/www.vmi-technologies.com\/pt-pt\/wp-json\/wp\/v2\/pages\/7624","targetHints":{"allow":["GET"]}}],"collection":[{"href":"https:\/\/www.vmi-technologies.com\/pt-pt\/wp-json\/wp\/v2\/pages"}],"about":[{"href":"https:\/\/www.vmi-technologies.com\/pt-pt\/wp-json\/wp\/v2\/types\/page"}],"author":[{"embeddable":true,"href":"https:\/\/www.vmi-technologies.com\/pt-pt\/wp-json\/wp\/v2\/users\/1"}],"replies":[{"embeddable":true,"href":"https:\/\/www.vmi-technologies.com\/pt-pt\/wp-json\/wp\/v2\/comments?post=7624"}],"version-history":[{"count":10,"href":"https:\/\/www.vmi-technologies.com\/pt-pt\/wp-json\/wp\/v2\/pages\/7624\/revisions"}],"predecessor-version":[{"id":13037,"href":"https:\/\/www.vmi-technologies.com\/pt-pt\/wp-json\/wp\/v2\/pages\/7624\/revisions\/13037"}],"wp:attachment":[{"href":"https:\/\/www.vmi-technologies.com\/pt-pt\/wp-json\/wp\/v2\/media?parent=7624"}],"curies":[{"name":"wp","href":"https:\/\/api.w.org\/{rel}","templated":true}]}}